{"id":22,"date":"2024-09-06T13:39:18","date_gmt":"2024-09-06T11:39:18","guid":{"rendered":"https:\/\/lesderniersremparts.fr\/?page_id=22"},"modified":"2025-02-19T17:23:50","modified_gmt":"2025-02-19T16:23:50","slug":"presentation","status":"publish","type":"page","link":"https:\/\/lesderniersremparts.fr\/index.php\/presentation\/","title":{"rendered":"Pr\u00e9sentation"},"content":{"rendered":"\n<p>Nous sommes une association sp\u00e9cialis\u00e9e en reconstitution historique sur la p\u00e9riode de la fin de la Guerre de Cent Ans (aux alentours de 1450). Nous proposons des prestations de sc\u00e9nettes de combat et des ateliers de pr\u00e9sentation de la vie d&rsquo;un camp d&rsquo;ordonnance militaire de l&rsquo;\u00e9poque. Par extension, nous expliquons aussi comment les gens de l&rsquo;\u00e9poque vivaient : leurs m\u0153urs, leurs habitudes, leur alimentation, leur hygi\u00e8ne, la mode vestimentaire de l&rsquo;\u00e9poque et son \u00e9volution, etc.<\/p>\n\n\n\n<p>Nous repr\u00e9sentons, plus sp\u00e9cifiquement, la mesnie de Jean Poton de XAINTRAILLES, capitaine du Roi Charles VII (1422 &#8211; 1461) et compagnon d&rsquo;armes de Jeanne d&rsquo;Arc et son alli\u00e9 italien, Th\u00e9odore de VALPERGUE, un seigneur pi\u00e9montais pass\u00e9 au service du Roi de France. <\/p>\n\n\n\n<p>Notre but est de faire d\u00e9couvrir aux publics la vie de l&rsquo;\u00e9poque, ainsi que de les distraire avec des activit\u00e9s de combat et autres (pr\u00e9sentation ludique de l&rsquo;art de la guerre de l&rsquo;\u00e9poque, tir \u00e0 l&rsquo;arme \u00e0 feu, initiation \u00e0 une formation de combat d&rsquo;infanterie, etc.).<\/p>\n\n\n\n<p>Nous pouvons participer \u00e0 des f\u00eates m\u00e9di\u00e9vales existantes, en organiser une nous-m\u00eames ou \u00e9galement proposer d&rsquo;animer un mariage \u00e0 th\u00e8me m\u00e9di\u00e9val.<\/p>\n\n\n\n<p><\/p>\n","protected":false},"excerpt":{"rendered":"<p>Nous sommes une association sp\u00e9cialis\u00e9e en reconstitution historique sur la p\u00e9riode de la fin de la Guerre de Cent Ans (aux alentours de 1450). Nous proposons des prestations de sc\u00e9nettes de combat et des ateliers de pr\u00e9sentation de la vie d&rsquo;un camp d&rsquo;ordonnance militaire de l&rsquo;\u00e9poque. Par extension, nous expliquons aussi comment les gens de l&rsquo;\u00e9poque vivaient : leurs m\u0153urs, leurs habitudes, leur alimentation, leur hygi\u00e8ne, la mode vestimentaire de l&rsquo;\u00e9poque et son \u00e9volution, etc. Nous repr\u00e9sentons, plus sp\u00e9cifiquement, la mesnie de Jean Poton de XAINTRAILLES, capitaine du Roi Charles VII (1422 &#8211; 1461) et compagnon d&rsquo;armes de Jeanne d&rsquo;Arc et son alli\u00e9 italien, Th\u00e9odore de VALPERGUE, un seigneur pi\u00e9montais pass\u00e9 au service du Roi de France. Notre but est de faire d\u00e9couvrir aux publics la vie de l&rsquo;\u00e9poque, ainsi que de les distraire avec des activit\u00e9s de combat et autres (pr\u00e9sentation ludique de l&rsquo;art de la guerre de l&rsquo;\u00e9poque, tir \u00e0 l&rsquo;arme \u00e0 feu, initiation \u00e0 une formation de combat d&rsquo;infanterie, etc.). Nous pouvons participer \u00e0 des f\u00eates m\u00e9di\u00e9vales existantes, en organiser une nous-m\u00eames ou \u00e9galement proposer d&rsquo;animer un mariage \u00e0 th\u00e8me m\u00e9di\u00e9val.<\/p>\n","protected":false},"author":1,"featured_media":0,"parent":0,"menu_order":0,"comment_status":"closed","ping_status":"closed","template":"","meta":{"footnotes":""},"class_list":["post-22","page","type-page","status-publish","hentry"],"_links":{"self":[{"href":"https:\/\/lesderniersremparts.fr\/index.php\/wp-json\/wp\/v2\/pages\/22","targetHints":{"allow":["GET"]}}],"collection":[{"href":"https:\/\/lesderniersremparts.fr\/index.php\/wp-json\/wp\/v2\/pages"}],"about":[{"href":"https:\/\/lesderniersremparts.fr\/index.php\/wp-json\/wp\/v2\/types\/page"}],"author":[{"embeddable":true,"href":"https:\/\/lesderniersremparts.fr\/index.php\/wp-json\/wp\/v2\/users\/1"}],"replies":[{"embeddable":true,"href":"https:\/\/lesderniersremparts.fr\/index.php\/wp-json\/wp\/v2\/comments?post=22"}],"version-history":[{"count":4,"href":"https:\/\/lesderniersremparts.fr\/index.php\/wp-json\/wp\/v2\/pages\/22\/revisions"}],"predecessor-version":[{"id":209,"href":"https:\/\/lesderniersremparts.fr\/index.php\/wp-json\/wp\/v2\/pages\/22\/revisions\/209"}],"wp:attachment":[{"href":"https:\/\/lesderniersremparts.fr\/index.php\/wp-json\/wp\/v2\/media?parent=22"}],"curies":[{"name":"wp","href":"https:\/\/api.w.org\/{rel}","templated":true}]}}